{"id":1202,"date":"2017-12-06T15:40:35","date_gmt":"2017-12-06T20:40:35","guid":{"rendered":"http:\/\/wp-master-powergo.eliappwordpress1sto.elisys-servers.ca\/?page_id=1202"},"modified":"2022-02-03T13:58:31","modified_gmt":"2022-02-03T18:58:31","slug":"financement","status":"publish","type":"page","link":"https:\/\/www.recreatifs.com\/fr\/financement\/","title":{"rendered":"Financement"},"content":{"rendered":"\n<p>Chez R\u00e9cr\u00e9atif Rive-Nord \u00e0 St-Eustache, vous pouvez avoir confiance que nos conseillers financier trouveront la solution parfaite \u00e0 vos besoins de financement  de v\u00e9hicules r\u00e9cr\u00e9atifs. Que ce soit pour un c\u00f4tes-\u00e0-c\u00f4tes, une motoneige, un VTT, un bateau ou autres, nos sp\u00e9cialistes se feront un honneur de vous vous offrir les meilleurs taux possible pour le financement de votre prochain v\u00e9hicule r\u00e9cr\u00e9atif.<\/p>\n\n\n\n<p>Remplissez le formulaire de demande de cr\u00e9dit ci-bas, et un de nos conseillers entrera en contacte avec vous rapidement!<\/p>\n","protected":false},"excerpt":{"rendered":"<p>Chez R\u00e9cr\u00e9atif Rive-Nord \u00e0 St-Eustache, vous pouvez avoir confiance que nos conseillers financier trouveront la solution parfaite \u00e0 vos besoins de financement de v\u00e9hicules r\u00e9cr\u00e9atifs. Que ce soit pour un c\u00f4tes-\u00e0-c\u00f4tes, une motoneige, un VTT, un bateau ou autres, nos sp\u00e9cialistes se feront un honneur de vous vous offrir les meilleurs taux possible pour le &hellip; <a href=\"https:\/\/www.recreatifs.com\/fr\/financement\/\">Suite<\/a><\/p>\n","protected":false},"author":1,"featured_media":0,"parent":0,"menu_order":0,"comment_status":"closed","ping_status":"closed","template":"template-financing.php","meta":[],"acf":[],"_links":{"self":[{"href":"https:\/\/www.recreatifs.com\/fr\/wp-json\/wp\/v2\/pages\/1202"}],"collection":[{"href":"https:\/\/www.recreatifs.com\/fr\/wp-json\/wp\/v2\/pages"}],"about":[{"href":"https:\/\/www.recreatifs.com\/fr\/wp-json\/wp\/v2\/types\/page"}],"author":[{"embeddable":true,"href":"https:\/\/www.recreatifs.com\/fr\/wp-json\/wp\/v2\/users\/1"}],"replies":[{"embeddable":true,"href":"https:\/\/www.recreatifs.com\/fr\/wp-json\/wp\/v2\/comments?post=1202"}],"version-history":[{"count":4,"href":"https:\/\/www.recreatifs.com\/fr\/wp-json\/wp\/v2\/pages\/1202\/revisions"}],"predecessor-version":[{"id":29385,"href":"https:\/\/www.recreatifs.com\/fr\/wp-json\/wp\/v2\/pages\/1202\/revisions\/29385"}],"wp:attachment":[{"href":"https:\/\/www.recreatifs.com\/fr\/wp-json\/wp\/v2\/media?parent=1202"}],"curies":[{"name":"wp","href":"https:\/\/api.w.org\/{rel}","templated":true}]}}