{"id":295,"date":"2017-11-09T14:58:38","date_gmt":"2017-11-09T19:58:38","guid":{"rendered":"http:\/\/wp-master-powergo.eliappwordpress1sto.elisys-servers.ca\/?page_id=295"},"modified":"2021-10-26T12:03:50","modified_gmt":"2021-10-26T16:03:50","slug":"promotions","status":"publish","type":"page","link":"https:\/\/www.recreatifs.com\/fr\/promotions\/","title":{"rendered":"Promotions"},"content":{"rendered":"<p>Qu&rsquo;y a-t-il de plus excitant que l&rsquo;achat d&rsquo;un nouveau <strong>v\u00e9hicule de sport motoris\u00e9<\/strong>? Se procurer un nouveau bolide en promotion, bien entendu!<\/p>\n<p>R\u00e9cr\u00e9atifs Rive-Nord se fait un devoir de vous offrir les meilleurs produits sur le march\u00e9 et de vous faire profiter des <strong>promotions<\/strong> les plus all\u00e9chantes. Plus que tout, nous voulons que vous puissiez pratiquer vos sports favoris sans toujours avoir \u00e0 vous soucier de la facture.<\/p>\n<div class=\"textMore\">\n<p>Tout au long de l&rsquo;ann\u00e9e, profitez d&rsquo;offres exclusives et faites de grandes \u00e9conomies \u00e0 l&rsquo;achat de votre <a href=\"https:\/\/www.recreatifs.com\/fr\/produits-occasion\/\">v\u00e9hicule d&rsquo;occasion<\/a>! Les meilleurs prix sont chez <strong>R\u00e9cr\u00e9atifs Rive-Nord<\/strong> \u00e0 <strong>St-Eustache<\/strong>!<\/p>\n<p>Vous avez une question concernant l&rsquo;une de nos promotions? <a href=\"https:\/\/www.recreatifs.com\/fr\/contact\/\">Communiquez avec notre service \u00e0 la client\u00e8le<\/a>. Un membre de notre \u00e9quipe pourra y r\u00e9pondre avec joie.<\/p>\n<\/div>\n","protected":false},"excerpt":{"rendered":"<p>Qu&rsquo;y a-t-il de plus excitant que l&rsquo;achat d&rsquo;un nouveau v\u00e9hicule de sport motoris\u00e9? Se procurer un nouveau bolide en promotion, bien entendu! R\u00e9cr\u00e9atifs Rive-Nord se fait un devoir de vous offrir les meilleurs produits sur le march\u00e9 et de vous faire profiter des promotions les plus all\u00e9chantes. Plus que tout, nous voulons que vous puissiez &hellip; <a href=\"https:\/\/www.recreatifs.com\/fr\/promotions\/\">Suite<\/a><\/p>\n","protected":false},"author":1,"featured_media":0,"parent":0,"menu_order":0,"comment_status":"closed","ping_status":"closed","template":"template-listing-promotions.php","meta":[],"acf":[],"_links":{"self":[{"href":"https:\/\/www.recreatifs.com\/fr\/wp-json\/wp\/v2\/pages\/295"}],"collection":[{"href":"https:\/\/www.recreatifs.com\/fr\/wp-json\/wp\/v2\/pages"}],"about":[{"href":"https:\/\/www.recreatifs.com\/fr\/wp-json\/wp\/v2\/types\/page"}],"author":[{"embeddable":true,"href":"https:\/\/www.recreatifs.com\/fr\/wp-json\/wp\/v2\/users\/1"}],"replies":[{"embeddable":true,"href":"https:\/\/www.recreatifs.com\/fr\/wp-json\/wp\/v2\/comments?post=295"}],"version-history":[{"count":10,"href":"https:\/\/www.recreatifs.com\/fr\/wp-json\/wp\/v2\/pages\/295\/revisions"}],"predecessor-version":[{"id":29187,"href":"https:\/\/www.recreatifs.com\/fr\/wp-json\/wp\/v2\/pages\/295\/revisions\/29187"}],"wp:attachment":[{"href":"https:\/\/www.recreatifs.com\/fr\/wp-json\/wp\/v2\/media?parent=295"}],"curies":[{"name":"wp","href":"https:\/\/api.w.org\/{rel}","templated":true}]}}